{"id":25128,"date":"2023-09-15T11:09:10","date_gmt":"2023-09-15T11:09:10","guid":{"rendered":"https:\/\/zen-hodgkin.82-223-54-51.plesk.page\/?page_id=25128"},"modified":"2023-12-07T14:15:33","modified_gmt":"2023-12-07T14:15:33","slug":"politica-de-cookies","status":"publish","type":"page","link":"https:\/\/kork.es\/es\/politica-de-cookies\/","title":{"rendered":"Pol\u00edtica de Cookies"},"content":{"rendered":"\t\t<div data-elementor-type=\"wp-page\" data-elementor-id=\"25128\" class=\"elementor elementor-25128\">\n\t\t\t\t\t\t<section class=\"elementor-section elementor-top-section elementor-element elementor-element-86413a1 elementor-section-boxed elementor-section-height-default elementor-section-height-default sc_fly_static\" data-id=\"86413a1\" data-element_type=\"section\">\n\t\t\t\t\t\t<div class=\"elementor-container elementor-column-gap-extended\">\n\t\t\t\t\t<div class=\"elementor-column elementor-col-100 elementor-top-column elementor-element elementor-element-c8dc578 sc_inner_width_none sc_content_align_inherit sc_layouts_column_icons_position_left sc_fly_static\" data-id=\"c8dc578\" data-element_type=\"column\">\n\t\t\t<div class=\"elementor-widget-wrap elementor-element-populated\">\n\t\t\t\t\t\t<div class=\"elementor-element elementor-element-419f860 sc_fly_static elementor-widget elementor-widget-heading\" data-id=\"419f860\" data-element_type=\"widget\" data-widget_type=\"heading.default\">\n\t\t\t\t<div class=\"elementor-widget-container\">\n\t\t\t<h1 class=\"elementor-heading-title elementor-size-default\">Pol\u00edtica de Cookies<\/h1>\t\t<\/div>\n\t\t\t\t<\/div>\n\t\t\t\t\t<\/div>\n\t\t<\/div>\n\t\t\t\t\t<\/div>\n\t\t<\/section>\n\t\t\t\t<section class=\"elementor-section elementor-top-section elementor-element elementor-element-f22652f elementor-section-boxed elementor-section-height-default elementor-section-height-default sc_fly_static\" data-id=\"f22652f\" data-element_type=\"section\">\n\t\t\t\t\t\t<div class=\"elementor-container elementor-column-gap-extended\">\n\t\t\t\t\t<div class=\"elementor-column elementor-col-100 elementor-top-column elementor-element elementor-element-db1a01c sc_inner_width_none sc_content_align_inherit sc_layouts_column_icons_position_left sc_fly_static\" data-id=\"db1a01c\" data-element_type=\"column\">\n\t\t\t<div class=\"elementor-widget-wrap elementor-element-populated\">\n\t\t\t\t\t\t<div class=\"elementor-element elementor-element-4c807ec sc_fly_static elementor-widget elementor-widget-spacer\" data-id=\"4c807ec\" data-element_type=\"widget\" data-widget_type=\"spacer.default\">\n\t\t\t\t<div class=\"elementor-widget-container\">\n\t\t\t\t\t<div class=\"elementor-spacer\">\n\t\t\t<div class=\"elementor-spacer-inner\"><\/div>\n\t\t<\/div>\n\t\t\t\t<\/div>\n\t\t\t\t<\/div>\n\t\t\t\t<div class=\"elementor-element elementor-element-5550858 sc_fly_static elementor-widget elementor-widget-text-editor\" data-id=\"5550858\" data-element_type=\"widget\" data-widget_type=\"text-editor.default\">\n\t\t\t\t<div class=\"elementor-widget-container\">\n\t\t\t\t\t\t\t<h3>\u00bfQu\u00e9 son las cookies?<\/h3>\n<p>Una cookie es un fichero que se descarga en su ordenador, smartphone o dispositivo al acceder a un sitio web. Las cookies permiten al sitio web almacenar y recuperar informaci\u00f3n sobre los h\u00e1bitos de navegaci\u00f3n del usuario o del dispositivo y, dependiendo de la informaci\u00f3n que contengan y de c\u00f3mo utilice el dispositivo, pueden utilizarse para reconocer al usuario.<\/p>\n<p><b>Tipos de cookies seg\u00fan la entidad que las gestiona:<\/b><\/p>\n<p>Cookies propias: Enviadas a tu dispositivo desde un ordenador o dominio gestionado por el titular de la web y desde el que se presta el servicio solicitado. Cookies de terceros: Se env\u00edan a tu dispositivo cuando navegas por nuestra web, pero desde un ordenador o dominio gestionado por un tercero. Si el tercero utiliza los datos obtenidos para fines propios, le informaremos de ello.<\/p>\n<p>Tipos de cookies seg\u00fan el tiempo que permanecen en el dispositivo:<\/p>\n<p>Cookies de sesi\u00f3n: Activas cuando accedes al sitio web, desaparecen al finalizar la sesi\u00f3n (p. ej. listado de productos adquiridos). Cookies persistentes: Los datos permanecen almacenados en el dispositivo y pueden ser accedidos y tratados durante el periodo definido en la cookie, incluso durante a\u00f1os. Si es posible, minimizaremos su duraci\u00f3n seg\u00fan su finalidad.<\/p>\n<p><b>Tipos de cookies seg\u00fan su finalidad:<\/b><\/p>\n<p>Funcionales y T\u00e9cnicos: Si s\u00f3lo prestan el servicio solicitado no necesitan cumplir con la LSSI. Son estrictamente necesarios para la gesti\u00f3n y funcionamiento del sitio web, as\u00ed como para los servicios expresamente solicitados por el usuario. Ejemplos: Control de tr\u00e1fico y comunicaci\u00f3n de datos, identificaci\u00f3n de sesiones, acceso a \u00e1reas restringidas, recordar el orden del carrito de compra, realizar compras, gestionar pagos, prevenir fraudes, facilitar inscripciones o participaciones en eventos, contabilizar visitas al software de facturaci\u00f3n en funci\u00f3n del n\u00famero de usos, utilizar elementos de seguridad durante la navegaci\u00f3n, guardar datos de v\u00eddeo o sonido, habilitar contenidos din\u00e1micos (p. ej., animaci\u00f3n de carga de texto o im\u00e1genes), compartir contenidos a trav\u00e9s de redes sociales o gestionar espacios publicitarios en base a criterios como el contenido editado, sin recoger informaci\u00f3n del usuario para otros fines ( ej., personalizaci\u00f3n del contenido).<\/p>\n<p>Tipos de cookies seg\u00fan el tiempo que permanecen en el dispositivo:<\/p>\n<p>Cookies de sesi\u00f3n: Activas cuando accedes al sitio web, desaparecen al finalizar la sesi\u00f3n (p. ej. listado de productos adquiridos). Cookies persistentes: Los datos permanecen almacenados en el dispositivo y pueden ser accedidos y tratados durante el periodo definido en la cookie, incluso durante a\u00f1os. Si es posible, minimizaremos su duraci\u00f3n seg\u00fan su finalidad.<\/p>\n<p><b>Tipos de cookies seg\u00fan su finalidad:<\/b><\/p>\n<p>Funcionales y T\u00e9cnicos: Si s\u00f3lo prestan el servicio solicitado no necesitan cumplir con la LSSI. Son estrictamente necesarios para la gesti\u00f3n y funcionamiento del sitio web, as\u00ed como para los servicios expresamente solicitados por el usuario. Ejemplos: Control de tr\u00e1fico y comunicaci\u00f3n de datos, identificaci\u00f3n de sesiones, acceso a \u00e1reas restringidas, recordar el orden del carrito de compra, realizar compras, gestionar pagos, prevenir fraudes, facilitar inscripciones o participaciones en eventos, contabilizar visitas al software de facturaci\u00f3n en funci\u00f3n del n\u00famero de usos, utilizar elementos de seguridad durante la navegaci\u00f3n, guardar datos de v\u00eddeo o sonido, habilitar contenidos din\u00e1micos (p. ej., animaci\u00f3n de carga de texto o im\u00e1genes), compartir contenidos a trav\u00e9s de redes sociales o gestionar espacios publicitarios en base a criterios como el contenido editado, sin recoger informaci\u00f3n del usuario para otros fines ( ej., personalizaci\u00f3n del contenido).<\/p>\n<p>\u2022 <b>Cookies de preferencias o personalizaci\u00f3n:<\/b> Si eliges funcionalidades (p. ej., si seleccionas la bandera de idioma del sitio web), no necesitan cumplir con la LSSI, ya que se consideran un servicio expresamente solicitado. Permiten recordar las preferencias del usuario, como el idioma, el n\u00famero de resultados a mostrar al realizar una b\u00fasqueda, el aspecto o contenido del servicio seg\u00fan el navegador o la regi\u00f3n desde la que accede, etc.<\/p>\n<p>\u2022 <b>Entrada del usuario: <\/b>Excluido de la aplicaci\u00f3n de la LSSI. Rastrean al usuario cuando completa formularios en l\u00ednea en varias p\u00e1ginas, o como un carrito de compras para rastrear art\u00edculos seleccionados cuando se presiona un bot\u00f3n.<\/p>\n<p>\u2022 <b>Autenticaci\u00f3n o identificaci\u00f3n<\/b> de usuario (basada en sesiones). Excluidos de la aplicaci\u00f3n de la LSSI.<\/p>\n<p>\u2022 <b>Seguridad: <\/b>Excluida de la aplicaci\u00f3n de la LSSI. Detectan intentos err\u00f3neos o repetidos de conexi\u00f3n al sitio web.<\/p>\n<p>\u2022 <b>Reproductor multimedia<\/b>, equilibrio de carga o personalizaci\u00f3n de la interfaz de usuario. Excluidos de la aplicaci\u00f3n de la LSSI.<\/p>\n<p>\u2022 <b>Cookies de complemento o sociales<\/b>. Excluido de la LSSI \u00fanicamente para el usuario con sesi\u00f3n abierta. Controlan la interacci\u00f3n con las redes sociales dentro del sitio web. Se utilizan en \u201cyoutube\u201d, \u201cfacebook\u201d, \u201cgoogle\u201d y \u201ctwitter\u201d, entre otros.<\/p>\n<p>\u2022 <b>Cookies de an\u00e1lisis o medici\u00f3n:<\/b> Debemos obtener el consentimiento informado, aunque es poco probable que supongan un riesgo para su privacidad si son cookies propias y procesan datos agregados con fines estad\u00edsticos. Gestionadas por nosotros o por terceros, permiten cuantificar el n\u00famero de usuarios, medir y analizar<\/p>\t\t\t\t\t\t<\/div>\n\t\t\t\t<\/div>\n\t\t\t\t<div class=\"elementor-element elementor-element-9fe3cb6 sc_fly_static elementor-widget elementor-widget-text-editor\" data-id=\"9fe3cb6\" data-element_type=\"widget\" data-widget_type=\"text-editor.default\">\n\t\t\t\t<div class=\"elementor-widget-container\">\n\t\t\t\t\t\t\t<h1 style=\"color: #ffffff; text-align: center;\">WHERE REFINEMENT <br \/>MEETS INNOVATION<\/h1>\t\t\t\t\t\t<\/div>\n\t\t\t\t<\/div>\n\t\t\t\t\t<\/div>\n\t\t<\/div>\n\t\t\t\t\t<\/div>\n\t\t<\/section>\n\t\t\t\t<section class=\"elementor-section elementor-top-section elementor-element elementor-element-fac2369 elementor-section-boxed elementor-section-height-default elementor-section-height-default sc_fly_static\" data-id=\"fac2369\" data-element_type=\"section\">\n\t\t\t\t\t\t<div class=\"elementor-container elementor-column-gap-extended\">\n\t\t\t\t\t<div class=\"elementor-column elementor-col-100 elementor-top-column elementor-element elementor-element-771832d sc_inner_width_none sc_content_align_inherit sc_layouts_column_icons_position_left sc_fly_static\" data-id=\"771832d\" data-element_type=\"column\">\n\t\t\t<div class=\"elementor-widget-wrap elementor-element-populated\">\n\t\t\t\t\t\t<div class=\"elementor-element elementor-element-388f096 sc_fly_static elementor-widget elementor-widget-spacer\" data-id=\"388f096\" data-element_type=\"widget\" data-widget_type=\"spacer.default\">\n\t\t\t\t<div class=\"elementor-widget-container\">\n\t\t\t\t\t<div class=\"elementor-spacer\">\n\t\t\t<div class=\"elementor-spacer-inner\"><\/div>\n\t\t<\/div>\n\t\t\t\t<\/div>\n\t\t\t\t<\/div>\n\t\t\t\t\t<\/div>\n\t\t<\/div>\n\t\t\t\t\t<\/div>\n\t\t<\/section>\n\t\t\t\t<\/div>\n\t\t","protected":false},"excerpt":{"rendered":"<p>Pol\u00edtica de Cookies \u00bfQu\u00e9 son las cookies? Una cookie es un fichero que se descarga en su ordenador, smartphone o dispositivo al acceder a un sitio web. Las cookies permiten&hellip;<\/p>\n","protected":false},"author":2,"featured_media":0,"parent":0,"menu_order":0,"comment_status":"closed","ping_status":"closed","template":"","meta":[],"_links":{"self":[{"href":"https:\/\/kork.es\/es\/wp-json\/wp\/v2\/pages\/25128"}],"collection":[{"href":"https:\/\/kork.es\/es\/wp-json\/wp\/v2\/pages"}],"about":[{"href":"https:\/\/kork.es\/es\/wp-json\/wp\/v2\/types\/page"}],"author":[{"embeddable":true,"href":"https:\/\/kork.es\/es\/wp-json\/wp\/v2\/users\/2"}],"replies":[{"embeddable":true,"href":"https:\/\/kork.es\/es\/wp-json\/wp\/v2\/comments?post=25128"}],"version-history":[{"count":15,"href":"https:\/\/kork.es\/es\/wp-json\/wp\/v2\/pages\/25128\/revisions"}],"predecessor-version":[{"id":26311,"href":"https:\/\/kork.es\/es\/wp-json\/wp\/v2\/pages\/25128\/revisions\/26311"}],"wp:attachment":[{"href":"https:\/\/kork.es\/es\/wp-json\/wp\/v2\/media?parent=25128"}],"curies":[{"name":"wp","href":"https:\/\/api.w.org\/{rel}","templated":true}]}}