{"id":25126,"date":"2023-09-15T11:08:53","date_gmt":"2023-09-15T11:08:53","guid":{"rendered":"https:\/\/zen-hodgkin.82-223-54-51.plesk.page\/?page_id=25126"},"modified":"2024-01-27T00:30:07","modified_gmt":"2024-01-27T00:30:07","slug":"politica-de-privacidad","status":"publish","type":"page","link":"https:\/\/kork.es\/es\/politica-de-privacidad\/","title":{"rendered":"Pol\u00edtica de privacidad"},"content":{"rendered":"\t\t<div data-elementor-type=\"wp-page\" data-elementor-id=\"25126\" class=\"elementor elementor-25126\">\n\t\t\t\t\t\t<section class=\"elementor-section elementor-top-section elementor-element elementor-element-bff891b elementor-section-boxed elementor-section-height-default elementor-section-height-default sc_fly_static\" data-id=\"bff891b\" data-element_type=\"section\">\n\t\t\t\t\t\t<div class=\"elementor-container elementor-column-gap-extended\">\n\t\t\t\t\t<div class=\"elementor-column elementor-col-100 elementor-top-column elementor-element elementor-element-6202628 sc_inner_width_none sc_content_align_inherit sc_layouts_column_icons_position_left sc_fly_static\" data-id=\"6202628\" data-element_type=\"column\">\n\t\t\t<div class=\"elementor-widget-wrap elementor-element-populated\">\n\t\t\t\t\t\t<div class=\"elementor-element elementor-element-5182fdd sc_fly_static elementor-widget elementor-widget-spacer\" data-id=\"5182fdd\" data-element_type=\"widget\" data-widget_type=\"spacer.default\">\n\t\t\t\t<div class=\"elementor-widget-container\">\n\t\t\t\t\t<div class=\"elementor-spacer\">\n\t\t\t<div class=\"elementor-spacer-inner\"><\/div>\n\t\t<\/div>\n\t\t\t\t<\/div>\n\t\t\t\t<\/div>\n\t\t\t\t<div class=\"elementor-element elementor-element-a2eb263 sc_fly_static elementor-widget elementor-widget-heading\" data-id=\"a2eb263\" data-element_type=\"widget\" data-widget_type=\"heading.default\">\n\t\t\t\t<div class=\"elementor-widget-container\">\n\t\t\t<h1 class=\"elementor-heading-title elementor-size-default\">Pol\u00edtica de privacidad<\/h1>\t\t<\/div>\n\t\t\t\t<\/div>\n\t\t\t\t\t<\/div>\n\t\t<\/div>\n\t\t\t\t\t<\/div>\n\t\t<\/section>\n\t\t\t\t<section class=\"elementor-section elementor-top-section elementor-element elementor-element-af1942b elementor-section-boxed elementor-section-height-default elementor-section-height-default sc_fly_static\" data-id=\"af1942b\" data-element_type=\"section\">\n\t\t\t\t\t\t<div class=\"elementor-container elementor-column-gap-extended\">\n\t\t\t\t\t<div class=\"elementor-column elementor-col-100 elementor-top-column elementor-element elementor-element-dcfabed sc_inner_width_none sc_content_align_inherit sc_layouts_column_icons_position_left sc_fly_static\" data-id=\"dcfabed\" data-element_type=\"column\">\n\t\t\t<div class=\"elementor-widget-wrap elementor-element-populated\">\n\t\t\t\t\t\t<div class=\"elementor-element elementor-element-10a2c4b sc_fly_static elementor-widget elementor-widget-spacer\" data-id=\"10a2c4b\" data-element_type=\"widget\" data-widget_type=\"spacer.default\">\n\t\t\t\t<div class=\"elementor-widget-container\">\n\t\t\t\t\t<div class=\"elementor-spacer\">\n\t\t\t<div class=\"elementor-spacer-inner\"><\/div>\n\t\t<\/div>\n\t\t\t\t<\/div>\n\t\t\t\t<\/div>\n\t\t\t\t<div class=\"elementor-element elementor-element-475a030 sc_fly_static elementor-widget elementor-widget-text-editor\" data-id=\"475a030\" data-element_type=\"widget\" data-widget_type=\"text-editor.default\">\n\t\t\t\t<div class=\"elementor-widget-container\">\n\t\t\t\t\t\t\t<p>KORK opera el sitio web KORK.es, que proporciona el SERVICIO.<\/p>\n<p>Esta p\u00e1gina se utiliza para informar a los visitantes del sitio web sobre nuestras pol\u00edticas con la recopilaci\u00f3n, uso y divulgaci\u00f3n de informaci\u00f3n personal si alguien decide utilizar nuestro Servicio, el sitio web Nombre del sitio web.<\/p>\n<p>Si elige utilizar nuestros Servicios, acepta la recopilaci\u00f3n y el uso de informaci\u00f3n en relaci\u00f3n con esta pol\u00edtica. La Informaci\u00f3n personal que recopilamos se utiliza para proporcionar y mejorar el Servicio. No usaremos ni compartiremos su informaci\u00f3n con nadie excepto como se describe en esta Pol\u00edtica de Privacidad.<\/p>\n<p>Los t\u00e9rminos utilizados en esta Pol\u00edtica de Privacidad tienen el mismo significado que en nuestros T\u00e9rminos y Condiciones, a los que se puede acceder en la URL del sitio web, a menos que se defina lo contrario en esta Pol\u00edtica de Privacidad.<\/p>\n<p>Recopilaci\u00f3n y uso de informaci\u00f3n<br>Para una mejor experiencia al utilizar nuestro Servicio, es posible que le solicitemos que nos proporcione cierta informaci\u00f3n de identificaci\u00f3n personal, que incluye, entre otros, su nombre, n\u00famero de tel\u00e9fono y direcci\u00f3n postal. La informaci\u00f3n que recopilamos se utilizar\u00e1 para contactarlo o identificarlo.<\/p>\n<p><b>Datos de registro<br><\/b>Queremos informarle que cada vez que visita nuestro Servicio, recopilamos informaci\u00f3n que su navegador nos env\u00eda y que se denomina Datos de registro. Estos datos de registro pueden incluir informaci\u00f3n como la direcci\u00f3n del Protocolo de Internet (\u201cIP\u201d) de su computadora, la versi\u00f3n del navegador, las p\u00e1ginas de nuestro Servicio que visita, la hora y fecha de su visita, el tiempo dedicado a esas p\u00e1ginas y otras estad\u00edsticas.<\/p>\n<p><b>Cookies<\/b><br>Las cookies son archivos con una peque\u00f1a cantidad de datos que com\u00fanmente se utiliza como un identificador \u00fanico an\u00f3nimo. Estos se env\u00edan a su navegador desde el sitio web que visita y se almacenan en el disco duro de su computadora.<\/p>\n<p>Nuestro sitio web utiliza estas \u00abcookies\u00bb para recopilar informaci\u00f3n y mejorar nuestro Servicio. Tiene la opci\u00f3n de aceptar o rechazar estas cookies y saber cu\u00e1ndo se env\u00eda una cookie a su computadora. Si elige rechazar nuestras cookies, es posible que no pueda utilizar algunas partes de nuestro Servicio.<\/p>\n<p><b>Proveedores de servicio<\/b><br>Podemos emplear empresas e individuos de terceros por los siguientes motivos:<\/p>\n<p><b>Para facilitar nuestro Servicio;<\/b><br>Para proporcionar el Servicio en nuestro nombre;<br>Para realizar servicios relacionados con el Servicio; o<br>Para ayudarnos a analizar c\u00f3mo se utiliza nuestro Servicio.<br>Queremos informar a los usuarios de nuestros Servicios que estos terceros tienen acceso a su Informaci\u00f3n Personal. El motivo es realizar las tareas que les sean asignadas en nuestro nombre. Sin embargo, est\u00e1n obligados a no revelar ni utilizar la informaci\u00f3n para ning\u00fan otro fin.<\/p>\n<p><b>Seguridad<\/b><br>Valoramos su confianza al proporcionarnos su informaci\u00f3n personal, por lo que nos esforzamos por utilizar medios comercialmente aceptables para protegerla. Pero recuerde que ning\u00fan m\u00e9todo de transmisi\u00f3n a trav\u00e9s de Internet o m\u00e9todo de almacenamiento electr\u00f3nico es 100% seguro y confiable, y no podemos garantizar su seguridad absoluta.<\/p>\n<p><b>Enlaces a otros sitios<\/b><br>Nuestro Servicio puede contener enlaces a otros sitios. Si hace clic en un enlace de un tercero, ser\u00e1 dirigido a ese sitio. Tenga en cuenta que estos sitios externos no son operados por nosotros. Por lo tanto, le recomendamos encarecidamente que revise la Pol\u00edtica de Privacidad de estos sitios web. No tenemos control ni asumimos ninguna responsabilidad por el contenido, las pol\u00edticas de privacidad o las pr\u00e1cticas de sitios o servicios de terceros.<\/p>\n<p><b>Privacidad de los ni\u00f1os<\/b><\/p>\n<p>Nuestros Servicios no se dirigen a nadie menor de 13 a\u00f1os. No recopilamos intencionalmente informaci\u00f3n de identificaci\u00f3n personal de ni\u00f1os menores de 13 a\u00f1os. En el caso de que descubramos que un ni\u00f1o menor de 13 a\u00f1os nos ha proporcionado informaci\u00f3n personal, la eliminamos inmediatamente de nuestros servidores. Si es padre o tutor y sabe que su hijo nos ha proporcionado informaci\u00f3n personal, comun\u00edquese con nosotros para que podamos tomar las medidas necesarias.<\/p>\n<p><b>Cambios a esta pol\u00edtica de privacidad<\/b><br>Podemos actualizar nuestra Pol\u00edtica de Privacidad de vez en cuando. Por lo tanto, le recomendamos que revise esta p\u00e1gina peri\u00f3dicamente para detectar cualquier cambio. Le notificaremos cualquier cambio publicando la nueva Pol\u00edtica de Privacidad en esta p\u00e1gina. Estos cambios entran en vigor inmediatamente despu\u00e9s de su publicaci\u00f3n en esta p\u00e1gina.<\/p>\n<p><b>Cont\u00e1ctenos<\/b><br>Si tiene alguna pregunta o sugerencia sobre nuestra Pol\u00edtica de Privacidad, no dude en contactarnos.<\/p>\t\t\t\t\t\t<\/div>\n\t\t\t\t<\/div>\n\t\t\t\t\t<\/div>\n\t\t<\/div>\n\t\t\t\t\t<\/div>\n\t\t<\/section>\n\t\t\t\t<section class=\"elementor-section elementor-top-section elementor-element elementor-element-9368aa6 elementor-section-boxed elementor-section-height-default elementor-section-height-default sc_fly_static\" data-id=\"9368aa6\" data-element_type=\"section\">\n\t\t\t\t\t\t<div class=\"elementor-container elementor-column-gap-extended\">\n\t\t\t\t\t<div class=\"elementor-column elementor-col-100 elementor-top-column elementor-element elementor-element-9cf330c sc_inner_width_none sc_content_align_inherit sc_layouts_column_icons_position_left sc_fly_static\" data-id=\"9cf330c\" data-element_type=\"column\">\n\t\t\t<div class=\"elementor-widget-wrap elementor-element-populated\">\n\t\t\t\t\t\t<div class=\"elementor-element elementor-element-cb98a6d sc_fly_static elementor-widget elementor-widget-spacer\" data-id=\"cb98a6d\" data-element_type=\"widget\" data-widget_type=\"spacer.default\">\n\t\t\t\t<div class=\"elementor-widget-container\">\n\t\t\t\t\t<div class=\"elementor-spacer\">\n\t\t\t<div class=\"elementor-spacer-inner\"><\/div>\n\t\t<\/div>\n\t\t\t\t<\/div>\n\t\t\t\t<\/div>\n\t\t\t\t\t<\/div>\n\t\t<\/div>\n\t\t\t\t\t<\/div>\n\t\t<\/section>\n\t\t\t\t<\/div>\n\t\t","protected":false},"excerpt":{"rendered":"<p>Pol\u00edtica de privacidad KORK opera el sitio web KORK.es, que proporciona el SERVICIO. Esta p\u00e1gina se utiliza para informar a los visitantes del sitio web sobre nuestras pol\u00edticas con la&hellip;<\/p>\n","protected":false},"author":2,"featured_media":0,"parent":0,"menu_order":0,"comment_status":"closed","ping_status":"closed","template":"","meta":[],"_links":{"self":[{"href":"https:\/\/kork.es\/es\/wp-json\/wp\/v2\/pages\/25126"}],"collection":[{"href":"https:\/\/kork.es\/es\/wp-json\/wp\/v2\/pages"}],"about":[{"href":"https:\/\/kork.es\/es\/wp-json\/wp\/v2\/types\/page"}],"author":[{"embeddable":true,"href":"https:\/\/kork.es\/es\/wp-json\/wp\/v2\/users\/2"}],"replies":[{"embeddable":true,"href":"https:\/\/kork.es\/es\/wp-json\/wp\/v2\/comments?post=25126"}],"version-history":[{"count":18,"href":"https:\/\/kork.es\/es\/wp-json\/wp\/v2\/pages\/25126\/revisions"}],"predecessor-version":[{"id":26474,"href":"https:\/\/kork.es\/es\/wp-json\/wp\/v2\/pages\/25126\/revisions\/26474"}],"wp:attachment":[{"href":"https:\/\/kork.es\/es\/wp-json\/wp\/v2\/media?parent=25126"}],"curies":[{"name":"wp","href":"https:\/\/api.w.org\/{rel}","templated":true}]}}